{"id":69,"date":"2025-01-31T22:52:40","date_gmt":"2025-01-31T21:52:40","guid":{"rendered":"https:\/\/vrc.voile-valenciennes.fr\/?page_id=69"},"modified":"2025-03-03T22:26:42","modified_gmt":"2025-03-03T21:26:42","slug":"infos-pratique","status":"publish","type":"page","link":"https:\/\/vrc.voile-valenciennes.fr\/index.php\/infos-pratique\/","title":{"rendered":"Infos Pratique"},"content":{"rendered":"\n<p class=\"has-small-font-size\">Pour nous rejoindre, et passer un sejour agr\u00e9able dans notre charmante Ville de Valenciennes, nous vous donnons ici quelques conseils et infos pratique.<\/p>\n\n\n\n<p class=\"has-text-align-center\">Plan du vignoble<\/p>\n\n\n\n<figure class=\"wp-block-image aligncenter size-large\"><a href=\"https:\/\/vrc.voile-valenciennes.fr\/wp-content\/uploads\/2025\/02\/Plan_Access_CVV_2.png\" target=\"_blank\" rel=\" noreferrer noopener\"><img loading=\"lazy\" decoding=\"async\" width=\"1024\" height=\"687\" src=\"https:\/\/vrc.voile-valenciennes.fr\/wp-content\/uploads\/2025\/02\/Plan_Access_CVV_2-1024x687.png\" alt=\"\" class=\"wp-image-88\" srcset=\"https:\/\/vrc.voile-valenciennes.fr\/wp-content\/uploads\/2025\/02\/Plan_Access_CVV_2-1024x687.png 1024w, https:\/\/vrc.voile-valenciennes.fr\/wp-content\/uploads\/2025\/02\/Plan_Access_CVV_2-300x201.png 300w, https:\/\/vrc.voile-valenciennes.fr\/wp-content\/uploads\/2025\/02\/Plan_Access_CVV_2-2000x1342.png 2000w\" sizes=\"auto, (max-width: 1024px) 100vw, 1024px\" \/><\/a><\/figure>\n\n\n\n<p class=\"has-small-font-size\">L&#8217;enceinte du club \u00e9tant limit\u00e9 en place de parking, nous invitons tous les skippers a se garer juste avant l&#8217;entr\u00e9e du club. Vous pouvez n\u00e9anmoins :<br><strong>&#8211;<\/strong> Entrer avec votre v\u00e9hicule dans l&#8217;enceinte du club pour y d\u00e9poser vos \u00e9quipements en vous garant <strong>momentan\u00e9ment<\/strong> au plus pr\u00eat de la voilerie,<br><strong>&#8211;<\/strong> R\u00e9cup\u00e9rer un <strong>macaron<\/strong> qu&#8217;il faudra plac\u00e9 sur le pare-brise afin de pouvoir stationner sur les emplacements public qui vous sont r\u00e9serv\u00e9 \u00e0 l&#8217;ext\u00e9rieur de l&#8217;enceinte,<br><strong>&#8211;<\/strong> Sortir de l&#8217;enceinte du club par la 2eme grille indiqu\u00e9 sur la photo ci-dessous.<br>En vous remerciant pour votre compr\u00e9hension. Car en effet, les places de parking \u00e0 l&#8217;int\u00e9rieur de l&#8217;enceinte sont r\u00e9serv\u00e9s aux arbitres et b\u00e9n\u00e9voles, et \u00e9ventuellement, les membres du club qui souhaitent naviguer \/ mettre \u00e0 l&#8217;eau un bateau. Il est important, aussi, que les secours puissent intervenir et que des v\u00e9hicules n&#8217;entravent pas le passage.<\/p>\n\n\n\n<figure class=\"wp-block-image aligncenter size-large\"><a href=\"https:\/\/vrc.voile-valenciennes.fr\/wp-content\/uploads\/2025\/02\/Le-Vignoble-Parking.jpg\" target=\"_blank\" rel=\" noreferrer noopener\"><img loading=\"lazy\" decoding=\"async\" width=\"1024\" height=\"640\" src=\"https:\/\/vrc.voile-valenciennes.fr\/wp-content\/uploads\/2025\/02\/Le-Vignoble-Parking-1024x640.jpg\" alt=\"\" class=\"wp-image-102\" srcset=\"https:\/\/vrc.voile-valenciennes.fr\/wp-content\/uploads\/2025\/02\/Le-Vignoble-Parking-1024x640.jpg 1024w, https:\/\/vrc.voile-valenciennes.fr\/wp-content\/uploads\/2025\/02\/Le-Vignoble-Parking-300x187.jpg 300w, https:\/\/vrc.voile-valenciennes.fr\/wp-content\/uploads\/2025\/02\/Le-Vignoble-Parking-2000x1250.jpg 2000w\" sizes=\"auto, (max-width: 1024px) 100vw, 1024px\" \/><\/a><\/figure>\n\n\n\n<div style=\"height:52px\" aria-hidden=\"true\" class=\"wp-block-spacer\"><\/div>\n\n\n\n<p class=\"has-text-align-center\">Acc\u00e8s Autoroute<\/p>\n\n\n\n<figure class=\"wp-block-image aligncenter size-large\"><img loading=\"lazy\" decoding=\"async\" width=\"1024\" height=\"617\" src=\"https:\/\/vrc.voile-valenciennes.fr\/wp-content\/uploads\/2025\/02\/Plan_Valenciennes_Acces_Autoroute-1024x617.png\" alt=\"\" class=\"wp-image-74\" srcset=\"https:\/\/vrc.voile-valenciennes.fr\/wp-content\/uploads\/2025\/02\/Plan_Valenciennes_Acces_Autoroute-1024x617.png 1024w, https:\/\/vrc.voile-valenciennes.fr\/wp-content\/uploads\/2025\/02\/Plan_Valenciennes_Acces_Autoroute-300x181.png 300w, https:\/\/vrc.voile-valenciennes.fr\/wp-content\/uploads\/2025\/02\/Plan_Valenciennes_Acces_Autoroute.png 1298w\" sizes=\"auto, (max-width: 1024px) 100vw, 1024px\" \/><\/figure>\n\n\n\n<p class=\"has-text-align-center\">A2 : Paris Direction Mons : Sortie 20 =&gt; Trac\u00e9 Orange<br>A2 : Belgique Direction Paris : Sortie 21b =&gt; Trac\u00e9 Vert<br>A23 : Lille Direction Valenciennes : Sortie 11 =&gt; Trac\u00e9 Bleu<\/p>\n\n\n\n<hr class=\"wp-block-separator has-alpha-channel-opacity\"\/>\n\n\n\n<p>La gare de Valenciennes se situe \u00e0 3 km du club<br>Les transport en commun : Navette Gratuite, n\u00e9cessite une bonne dizaine de minutes \u00e0 pied entre l&#8217;arr\u00eat de bus et l&#8217;entr\u00e9e du club<br>H\u00e9bergement : L&#8217;office du tourisme propose les h\u00f4tels r\u00e9f\u00e9renc\u00e9s sur leur site, voir lien ci-dessous<br>Il n&#8217;y pas d&#8217;aire de camping car sur les lieux, n\u00e9anmoins nous pouvons accepter quelques v\u00e9hicules dans l&#8217;enceinte du club, sans raccordement \u00e0 l&#8217;eau et l&#8217;\u00e9lectricit\u00e9<br>Les sanitaires du club resterons ouvert la nuit. Attention les douches sont collectives (s\u00e9par\u00e9 hommes \/ femmes)<\/p>\n\n\n\n<figure class=\"wp-block-gallery has-nested-images columns-default wp-block-gallery-1 is-layout-flex wp-block-gallery-is-layout-flex\">\n<figure class=\"wp-block-image size-large\"><img loading=\"lazy\" decoding=\"async\" width=\"300\" height=\"130\" data-id=\"76\" src=\"https:\/\/vrc.voile-valenciennes.fr\/wp-content\/uploads\/2025\/02\/Tourisme_et_congres_Valenciennes.png\" alt=\"\" class=\"wp-image-76\"\/><\/figure>\n\n\n\n<figure class=\"wp-block-image size-large\"><a href=\"https:\/\/www.tourismevalenciennes.fr\/sejourner-a-valenciennes\/hotels\"><img loading=\"lazy\" decoding=\"async\" width=\"337\" height=\"159\" data-id=\"77\" src=\"https:\/\/vrc.voile-valenciennes.fr\/wp-content\/uploads\/2025\/02\/2025-02-07_22h31_28.png\" alt=\"\" class=\"wp-image-77\" srcset=\"https:\/\/vrc.voile-valenciennes.fr\/wp-content\/uploads\/2025\/02\/2025-02-07_22h31_28.png 337w, https:\/\/vrc.voile-valenciennes.fr\/wp-content\/uploads\/2025\/02\/2025-02-07_22h31_28-300x142.png 300w\" sizes=\"auto, (max-width: 337px) 100vw, 337px\" \/><\/a><\/figure>\n<\/figure>\n\n\n\n<p class=\"has-text-align-center\"><a href=\"https:\/\/www.tourismevalenciennes.fr\/sejourner-a-valenciennes\/hotels\">Les Meilleurs H\u00f4tels de Valenciennes &#8211; Office de Tourisme de Valenciennes<\/a><\/p>\n\n\n\n<p><\/p>\n\n\n\n<p>AVANT LA COMPETITION<br>Les coureurs devront dans un premier temps finaliser leur inscription administrative dans le club house.<br>Le contr\u00f4le de jauge, aura lieu les 07\/05 PM et 08\/05 AM (voir Avis de Course pour les horaires)<br>Il sera possible de laisser votre mat\u00e9riel le soir dans la voilerie qui sera fermer \u00e0 cl\u00e9 lorsque l&#8217;un des organisateur aura quitter les lieux<\/p>\n\n\n\n<p>PENDANT LA COMPETITION<br>Zone de course et mise \u00e0 l&#8217;eau des bateaux<\/p>\n\n\n\n<figure class=\"wp-block-image aligncenter size-large\"><img loading=\"lazy\" decoding=\"async\" width=\"1024\" height=\"768\" src=\"https:\/\/vrc.voile-valenciennes.fr\/wp-content\/uploads\/2025\/02\/CVV_Vue_Aerienne_Zone-1024x768.jpg\" alt=\"\" class=\"wp-image-99\" srcset=\"https:\/\/vrc.voile-valenciennes.fr\/wp-content\/uploads\/2025\/02\/CVV_Vue_Aerienne_Zone-1024x768.jpg 1024w, https:\/\/vrc.voile-valenciennes.fr\/wp-content\/uploads\/2025\/02\/CVV_Vue_Aerienne_Zone-300x225.jpg 300w, https:\/\/vrc.voile-valenciennes.fr\/wp-content\/uploads\/2025\/02\/CVV_Vue_Aerienne_Zone-2000x1500.jpg 2000w\" sizes=\"auto, (max-width: 1024px) 100vw, 1024px\" \/><\/figure>\n\n\n\n<p>La zone de pilotage se trouve sur une estrade sur\u00e9lev\u00e9 [Repr\u00e9sent\u00e9 en Rouge sur la photo]<br>La zone de pilotage est de taille suffisante pour accueillir les coureurs d\u2019une flotte, ainsi que les juges, mais pas les spectateurs, qui resteront sur l&#8217;une des zones devant ou derri\u00e8re l&#8217;estrade [Repr\u00e9sent\u00e9 en Vert sur la photo]<br>La zone de mise \u00e0 l&#8217;eau est libre depuis les pontons fixe [Repr\u00e9sent\u00e9 en Encadr\u00e9 Bleu sur la photo]<br>Les informations aux coureurs sont indiqu\u00e9 sur les panneaux pr\u00e9cis\u00e9s dans l&#8217;avis de course.<br>Les repas pendant la pose m\u00e9ridienne sont servis chaque jour, dans le club house et sur la terrasse ou chapiteau (si le temps permet de les installer)<\/p>\n\n\n\n<p>APRES LA COMPETITION<br>Le bar du club reste ouvert jusque 18H30 \/ 19H00<br>Ap\u00e9ritif offert Jeudi soir, en guise de bienvenue<br>Les soir\u00e9es sont quartier libre, sauf Samedi soir, c&#8217;est Soir\u00e9e de Gala<br>La remise des prix est programm\u00e9e le Dimanche apr\u00e8s la course et d\u00e9cernera le titre de Champion de France 2025<\/p>\n\n\n\n<p>A DECOUVRIR DANS LA REGION<br>Pour des id\u00e9es de visites pour vous et les accompagnateurs-trices, Une appli sur smartphone \ud83d\udcf2 a \u00e9t\u00e9 cr\u00e9\u00e9 pour profiter de la ville de Valenciennes \u00e0 100%. Dans votre poche ou votre sac \u00e0 main, sur votre mobile, en balade, une application enti\u00e8rement gratuite.<br>\ud83d\udc49Vous y trouverez l\u2019ensemble des restaurants et bars, l\u2019agenda des festivit\u00e9s, les commerces, les visites et d\u00e9couvertes,\u2026<br>\u2139\ufe0f Il vous suffit de scanner le QR code ou t\u00e9l\u00e9charger l\u2019appli sur iOS ou play store \ud83d\ude09<br>\u2139\ufe0f Des bornes sont \u00e9galement disponible en ville \ud83d\ude09\ud83d\udc47<\/p>\n\n\n\n<figure class=\"wp-block-image aligncenter size-full is-resized\"><a href=\"https:\/\/vrc.voile-valenciennes.fr\/wp-content\/uploads\/2025\/02\/valenciennes-une-appli-smartphone.jpg.webp\" target=\"_blank\" rel=\" noreferrer noopener\"><img loading=\"lazy\" decoding=\"async\" width=\"863\" height=\"858\" src=\"https:\/\/vrc.voile-valenciennes.fr\/wp-content\/uploads\/2025\/02\/valenciennes-une-appli-smartphone.jpg.webp\" alt=\"\" class=\"wp-image-95\" style=\"width:336px;height:auto\" srcset=\"https:\/\/vrc.voile-valenciennes.fr\/wp-content\/uploads\/2025\/02\/valenciennes-une-appli-smartphone.jpg.webp 863w, https:\/\/vrc.voile-valenciennes.fr\/wp-content\/uploads\/2025\/02\/valenciennes-une-appli-smartphone.jpg-300x298.webp 300w, https:\/\/vrc.voile-valenciennes.fr\/wp-content\/uploads\/2025\/02\/valenciennes-une-appli-smartphone.jpg-150x150.webp 150w\" sizes=\"auto, (max-width: 863px) 100vw, 863px\" \/><\/a><\/figure>\n\n\n\n<p><\/p>\n","protected":false},"excerpt":{"rendered":"<p>Pour nous rejoindre, et passer un sejour agr\u00e9able dans notre charmante Ville de Valenciennes, nous vous donnons ici quelques conseils et infos pratique. Plan du vignoble L&#8217;enceinte du club \u00e9tant limit\u00e9 en place de parking, nous invitons tous les skippers a se garer juste avant l&#8217;entr\u00e9e du club. Vous pouvez n\u00e9anmoins :&#8211; Entrer avec votre &hellip; <\/p>\n<p class=\"link-more\"><a href=\"https:\/\/vrc.voile-valenciennes.fr\/index.php\/infos-pratique\/\" class=\"more-link\">Read more<span class=\"screen-reader-text\"> &#8220;Infos Pratique&#8221;<\/span><\/a><\/p>\n","protected":false},"author":1,"featured_media":181,"parent":0,"menu_order":0,"comment_status":"closed","ping_status":"closed","template":"","meta":{"footnotes":""},"class_list":["post-69","page","type-page","status-publish","has-post-thumbnail","hentry"],"jetpack_sharing_enabled":true,"_links":{"self":[{"href":"https:\/\/vrc.voile-valenciennes.fr\/index.php\/wp-json\/wp\/v2\/pages\/69","targetHints":{"allow":["GET"]}}],"collection":[{"href":"https:\/\/vrc.voile-valenciennes.fr\/index.php\/wp-json\/wp\/v2\/pages"}],"about":[{"href":"https:\/\/vrc.voile-valenciennes.fr\/index.php\/wp-json\/wp\/v2\/types\/page"}],"author":[{"embeddable":true,"href":"https:\/\/vrc.voile-valenciennes.fr\/index.php\/wp-json\/wp\/v2\/users\/1"}],"replies":[{"embeddable":true,"href":"https:\/\/vrc.voile-valenciennes.fr\/index.php\/wp-json\/wp\/v2\/comments?post=69"}],"version-history":[{"count":17,"href":"https:\/\/vrc.voile-valenciennes.fr\/index.php\/wp-json\/wp\/v2\/pages\/69\/revisions"}],"predecessor-version":[{"id":101,"href":"https:\/\/vrc.voile-valenciennes.fr\/index.php\/wp-json\/wp\/v2\/pages\/69\/revisions\/101"}],"wp:featuredmedia":[{"embeddable":true,"href":"https:\/\/vrc.voile-valenciennes.fr\/index.php\/wp-json\/wp\/v2\/media\/181"}],"wp:attachment":[{"href":"https:\/\/vrc.voile-valenciennes.fr\/index.php\/wp-json\/wp\/v2\/media?parent=69"}],"curies":[{"name":"wp","href":"https:\/\/api.w.org\/{rel}","templated":true}]}}