{"id":48,"date":"2024-12-19T20:34:36","date_gmt":"2024-12-19T19:34:36","guid":{"rendered":"http:\/\/vrc.voile-valenciennes.fr\/?page_id=48"},"modified":"2025-04-08T22:28:29","modified_gmt":"2025-04-08T20:28:29","slug":"participer-a-la-competition","status":"publish","type":"page","link":"https:\/\/vrc.voile-valenciennes.fr\/index.php\/participer-a-la-competition\/","title":{"rendered":"S&#8217;inscrire"},"content":{"rendered":"\n<p class=\"has-small-font-size\">Afin que nous puissions tout mettre en oeuvre pour accueillir les skippers dans les meilleurs conditions et faire que les 4 jours du Championnat de France IOM 2025 soient un beau moment, nous vous invitons a vous inscrire entre le <strong>1er mars 2025<\/strong> et le <strong>30 avril 2025<\/strong>.<\/p>\n\n\n\n<p>Merci de prendre connaissance de l&#8217;Avis de Course avant de vous inscrire.<\/p>\n\n\n\n<div class=\"wp-block-file aligncenter\"><a id=\"wp-block-file--media-1070d7bf-063a-4ca3-b197-920ec377ef5e\" href=\"https:\/\/vrc.voile-valenciennes.fr\/wp-content\/uploads\/2025\/01\/AVIS-DE-COURSE-Championnat-de-France-IOM-2025.pdf\">AVIS DE COURSE &#8211; Championnat de France IOM 2025<\/a><a href=\"https:\/\/vrc.voile-valenciennes.fr\/wp-content\/uploads\/2025\/01\/AVIS-DE-COURSE-Championnat-de-France-IOM-2025.pdf\" class=\"wp-block-file__button wp-element-button\" download aria-describedby=\"wp-block-file--media-1070d7bf-063a-4ca3-b197-920ec377ef5e\">T\u00e9l\u00e9charger<\/a><\/div>\n\n\n\n<p>Si vous rencontrez un probl\u00e8me lors de l&#8217;utilisation du formulaire ci-dessous, rendez-vous dans <a href=\"https:\/\/vrc.voile-valenciennes.fr\/index.php\/participer-a-la-competition\/#QFP\">Questions Fr\u00e9quemment Pos\u00e9es<\/a> ou <a href=\"https:\/\/www.voile-valenciennes.fr\/#contact\">contactez nous<\/a>. Sachez que l&#8217;usage d&#8217;un smartphone n&#8217;est pas recommand\u00e9 pour un affichage optimal du formulaire.<\/p>\n\n\n\n<iframe id=\"haWidget\" allowtransparency=\"true\" scrolling=\"auto\" src=\"https:\/\/www.helloasso.com\/associations\/cercle-de-voile-de-valenciennes\/evenements\/championnat-de-france-classe-1-metre-2025\/widget\" style=\"width: 100%; height: 1000px; border: none;\"><\/iframe>\n\n\n\n<p>La liste des inscrits est publi\u00e9e sur la page d&#8217;accueil de ce site ainsi que sur le forum de la classe 1 Metre : <a href=\"https:\/\/classe1m.ipbhost.com\/forum\/429-valenciennes-2025\/\">Valenciennes 2025 &#8211; Forum de la Classe 1 Metre France<\/a><\/p>\n\n\n\n<p>Nous vous invitons d&#8217;ailleurs a vous manifester sur ce forum pour indiquer votre pr\u00e9sence et \u00e9changer sur les bons plans.<\/p>\n\n\n\n<hr class=\"wp-block-separator has-alpha-channel-opacity\"\/>\n\n\n\n<figure class=\"wp-block-image aligncenter size-full\"><img loading=\"lazy\" decoding=\"async\" width=\"121\" height=\"100\" src=\"https:\/\/vrc.voile-valenciennes.fr\/wp-content\/uploads\/2025\/03\/logo_lagrangedaubry.png\" alt=\"\" class=\"wp-image-218\"\/><\/figure>\n\n\n\n<p class=\"has-text-align-center has-medium-font-size\"><strong>MENU<\/strong> propos\u00e9s pour les d\u00e9jeun\u00e9s du Midi<\/p>\n\n\n\n<p class=\"has-text-align-center\"><strong>Jeudi 8 Mai 2025<\/strong><br>Filet de Poulet mayonnaise maison au curry de madras et salade de p\u00e2tes<br>Salade de fruits frais<br><strong>Vendredi 9 Mai 2025<\/strong><br>Carbonnade flamande \u00e0 la BB<br>Tarte aux pommes<br><strong>Samedi 10 Mai 2025<\/strong><br>Poulet Basquaise et riz<br>Mousse chocolat maison<br><strong>Dimanche 11 Mai 2025<\/strong><br>R\u00f4ti de porc froid sauce gribiche,<br>salade de pommes de terre et haricots vert<br>cr\u00e8me br\u00fbl\u00e9e au caramel<\/p>\n\n\n\n<hr class=\"wp-block-separator has-alpha-channel-opacity\"\/>\n\n\n\n<figure class=\"wp-block-image aligncenter size-full is-resized\"><img loading=\"lazy\" decoding=\"async\" width=\"864\" height=\"864\" src=\"https:\/\/vrc.voile-valenciennes.fr\/wp-content\/uploads\/2025\/03\/Logo_IBIS.png\" alt=\"\" class=\"wp-image-211\" style=\"width:144px;height:auto\" srcset=\"https:\/\/vrc.voile-valenciennes.fr\/wp-content\/uploads\/2025\/03\/Logo_IBIS.png 864w, https:\/\/vrc.voile-valenciennes.fr\/wp-content\/uploads\/2025\/03\/Logo_IBIS-300x300.png 300w, https:\/\/vrc.voile-valenciennes.fr\/wp-content\/uploads\/2025\/03\/Logo_IBIS-150x150.png 150w\" sizes=\"auto, (max-width: 864px) 100vw, 864px\" \/><\/figure>\n\n\n\n<p class=\"has-text-align-center\">Du <strong>8 au 11 Mai 2025<\/strong>, vous pouvez b\u00e9n\u00e9ficier du tarif IBIS SPORT :<\/p>\n\n\n\n<p class=\"has-text-align-center\">&#8211;&nbsp;<strong>Chambre Double<\/strong>&nbsp;:&nbsp;<strong>59<\/strong>\u20ac\/chambre\/nuit<\/p>\n\n\n\n<p class=\"has-text-align-center\">&#8211;&nbsp;<strong>Petit-d\u00e9jeuner<\/strong>&nbsp;:&nbsp;<strong>13.90<\/strong>\u20ac\/petit-d\u00e9jeuner\/personne<\/p>\n\n\n\n<p class=\"has-text-align-center\">&#8211;&nbsp;<strong>Taxes de s\u00e9jour<\/strong>&nbsp;:&nbsp;<strong>1.65<\/strong>\u20ac\/personne\/nuit<\/p>\n\n\n\n<p class=\"has-text-align-center\"><strong>Pour en profiter<\/strong> : R\u00e9servez votre chambre, <em>T\u00e9l.: +33 (0)3 27 22 80 80<\/em>, en pr\u00e9cisant que vous participez \u00e0 la comp\u00e9tition<\/p>\n\n\n\n<hr class=\"wp-block-separator has-alpha-channel-opacity\"\/>\n\n\n\n<p class=\"has-text-align-center\" id=\"QFP\">****<\/p>\n\n\n\n<p class=\"has-text-align-center has-medium-font-size\"><strong>Questions Fr\u00e9quemment Pos\u00e9es<\/strong><\/p>\n\n\n\n<p>Q : Je n&#8217;ai pas r\u00e9ussi a effectuer le paiement par CB<\/p>\n\n\n\n<p>R : Oui ca peut arriver et nous en sommes d\u00e9sol\u00e9. Dans ce cas, nous vous invitons a nous contacter par mail ou via le formulaire contact afin que vous puissiez proc\u00e9der a un paiement par virement. Veuillez pr\u00e9cisez les informations suivantes : Pr\u00e9nom, Nom, T\u00e9l\u00e9phone, adresse email, N\u00b0 de licence FFVoile, N\u00b0 de Voile, N\u00b0 de coque.<\/p>\n\n\n\n<p>Q : Suis-je oblig\u00e9 de participer au repas de Gala ?<\/p>\n\n\n\n<p>R : L&#8217;association de la classe 1 m\u00e8tre souhaite un moment convivial rassemblant l&#8217;ensemble des skippers lors d&#8217;une soir\u00e9e sympathique organis\u00e9e par le CVV. N\u00e9anmoins, si pour des raisons particuli\u00e8re vous ne pouvez y participer, nous vous sugg\u00e9rons de nous contacter par mail ou via le formulaire contact, afin que nous proc\u00e9dions \u00e0 votre inscription manuellement et r\u00e8glement par virement.<\/p>\n\n\n\n<p>Q : Pourquoi est-il indiqu\u00e9 limit\u00e9 \u00e0 1 personne ?<\/p>\n\n\n\n<p>R : C&#8217;est juste une limite du nombre de ticket que vous pouvez prendre par personne.<\/p>\n\n\n\n<p>Q : Faut-il modifier la contribution qui revient \u00e0 HelloAsso ?<\/p>\n\n\n\n<p>R : Il est possible de modifier le montant de la contribution, et peut m\u00eame \u00eatre mis \u00e0 z\u00e9ro. Nous vous conseillons de laisser une contribution d&#8217;un minimum d&#8217;1\u20ac<\/p>\n\n\n\n<figure class=\"wp-block-image aligncenter size-large is-resized\"><img loading=\"lazy\" decoding=\"async\" width=\"1024\" height=\"644\" src=\"https:\/\/vrc.voile-valenciennes.fr\/wp-content\/uploads\/2025\/04\/2025-04-03_21h52_51-1024x644.png\" alt=\"\" class=\"wp-image-284\" style=\"width:576px;height:auto\" srcset=\"https:\/\/vrc.voile-valenciennes.fr\/wp-content\/uploads\/2025\/04\/2025-04-03_21h52_51-1024x644.png 1024w, https:\/\/vrc.voile-valenciennes.fr\/wp-content\/uploads\/2025\/04\/2025-04-03_21h52_51-300x189.png 300w, https:\/\/vrc.voile-valenciennes.fr\/wp-content\/uploads\/2025\/04\/2025-04-03_21h52_51.png 1187w\" sizes=\"auto, (max-width: 1024px) 100vw, 1024px\" \/><\/figure>\n\n\n\n<figure class=\"wp-block-image aligncenter size-full is-resized\"><img loading=\"lazy\" decoding=\"async\" width=\"603\" height=\"706\" src=\"https:\/\/vrc.voile-valenciennes.fr\/wp-content\/uploads\/2025\/04\/2025-04-03_21h55_21.png\" alt=\"\" class=\"wp-image-285\" style=\"width:396px;height:auto\" srcset=\"https:\/\/vrc.voile-valenciennes.fr\/wp-content\/uploads\/2025\/04\/2025-04-03_21h55_21.png 603w, https:\/\/vrc.voile-valenciennes.fr\/wp-content\/uploads\/2025\/04\/2025-04-03_21h55_21-256x300.png 256w\" sizes=\"auto, (max-width: 603px) 100vw, 603px\" \/><\/figure>\n","protected":false},"excerpt":{"rendered":"<p>Afin que nous puissions tout mettre en oeuvre pour accueillir les skippers dans les meilleurs conditions et faire que les 4 jours du Championnat de France IOM 2025 soient un beau moment, nous vous invitons a vous inscrire entre le 1er mars 2025 et le 30 avril 2025. Merci de prendre connaissance de l&#8217;Avis de &hellip; <\/p>\n<p class=\"link-more\"><a href=\"https:\/\/vrc.voile-valenciennes.fr\/index.php\/participer-a-la-competition\/\" class=\"more-link\">Read more<span class=\"screen-reader-text\"> &#8220;S&#8217;inscrire&#8221;<\/span><\/a><\/p>\n","protected":false},"author":1,"featured_media":121,"parent":0,"menu_order":0,"comment_status":"closed","ping_status":"closed","template":"","meta":{"footnotes":""},"class_list":["post-48","page","type-page","status-publish","has-post-thumbnail","hentry"],"jetpack_sharing_enabled":true,"_links":{"self":[{"href":"https:\/\/vrc.voile-valenciennes.fr\/index.php\/wp-json\/wp\/v2\/pages\/48","targetHints":{"allow":["GET"]}}],"collection":[{"href":"https:\/\/vrc.voile-valenciennes.fr\/index.php\/wp-json\/wp\/v2\/pages"}],"about":[{"href":"https:\/\/vrc.voile-valenciennes.fr\/index.php\/wp-json\/wp\/v2\/types\/page"}],"author":[{"embeddable":true,"href":"https:\/\/vrc.voile-valenciennes.fr\/index.php\/wp-json\/wp\/v2\/users\/1"}],"replies":[{"embeddable":true,"href":"https:\/\/vrc.voile-valenciennes.fr\/index.php\/wp-json\/wp\/v2\/comments?post=48"}],"version-history":[{"count":35,"href":"https:\/\/vrc.voile-valenciennes.fr\/index.php\/wp-json\/wp\/v2\/pages\/48\/revisions"}],"predecessor-version":[{"id":303,"href":"https:\/\/vrc.voile-valenciennes.fr\/index.php\/wp-json\/wp\/v2\/pages\/48\/revisions\/303"}],"wp:featuredmedia":[{"embeddable":true,"href":"https:\/\/vrc.voile-valenciennes.fr\/index.php\/wp-json\/wp\/v2\/media\/121"}],"wp:attachment":[{"href":"https:\/\/vrc.voile-valenciennes.fr\/index.php\/wp-json\/wp\/v2\/media?parent=48"}],"curies":[{"name":"wp","href":"https:\/\/api.w.org\/{rel}","templated":true}]}}