{"id":338,"date":"2025-05-07T17:57:46","date_gmt":"2025-05-07T15:57:46","guid":{"rendered":"https:\/\/vrc.voile-valenciennes.fr\/?page_id=338"},"modified":"2025-05-13T11:41:16","modified_gmt":"2025-05-13T09:41:16","slug":"les-courses","status":"publish","type":"page","link":"https:\/\/vrc.voile-valenciennes.fr\/index.php\/les-courses\/","title":{"rendered":"Les courses"},"content":{"rendered":"<p>Course 1\u00a0 <a href=\"https:\/\/vrc.voile-valenciennes.fr\/wp-content\/uploads\/2025\/05\/Tableau_Repart_course_1.htm\">Tableau_Repart_course_1<\/a><br \/><a href=\"https:\/\/vrc.voile-valenciennes.fr\/wp-content\/uploads\/2025\/05\/ORDRE-DARRIVEE-course-1-Flottes-C.pdf\">ORDRE D&#8217;ARRIVEE course 1 &#8211; Flottes C<\/a><br \/><a href=\"https:\/\/vrc.voile-valenciennes.fr\/wp-content\/uploads\/2025\/05\/ORDRE-DARRIVEE-course-1-Flottes-C-B-A.pdf\">ORDRE D&#8217;ARRIVEE course 1 &#8211; Flottes C B A<\/a><\/p>\n<p>Course 2 <a href=\"https:\/\/vrc.voile-valenciennes.fr\/wp-content\/uploads\/2025\/05\/Repartitions-systeme-HMS-pour-la-course-n\u00b0-2.pdf\">R\u00e9partitions (syst\u00e8me HMS) pour la course n\u00b0 2<\/a><br \/><a href=\"https:\/\/vrc.voile-valenciennes.fr\/wp-content\/uploads\/2025\/05\/ORDRE-DARRIVEE-course-2-Flottes-C-B.pdf\">ORDRE D&#8217;ARRIVEE course 2 &#8211; Flottes C B<\/a><br \/><a href=\"https:\/\/vrc.voile-valenciennes.fr\/wp-content\/uploads\/2025\/05\/ORDRE-DARRIVEE-course-2-Flottes-C-B-A.pdf\">ORDRE D&#8217;ARRIVEE course 2 &#8211; Flottes C B A<\/a><\/p>\n<p>Course 3 <a href=\"https:\/\/vrc.voile-valenciennes.fr\/wp-content\/uploads\/2025\/05\/Repartitions-systeme-HMS-pour-la-course-n\u00b0-3.pdf\">R\u00e9partitions (syst\u00e8me HMS) pour la course n\u00b0 3<\/a><br \/><a href=\"https:\/\/vrc.voile-valenciennes.fr\/wp-content\/uploads\/2025\/05\/Nouvelle-Repartitions-systeme-HMS-pour-la-course-n\u00b0-3.pdf\">Nouvelle R\u00e9partitions (syst\u00e8me HMS) pour la course n\u00b0 3<\/a><br \/><a href=\"https:\/\/vrc.voile-valenciennes.fr\/wp-content\/uploads\/2025\/05\/ORDRE-DARRIVEE-course-3-Flottes-C-B.pdf\">ORDRE D&#8217;ARRIVEE course 3 &#8211; Flottes C B<\/a><\/p>\n<p>Course 4 <a href=\"https:\/\/vrc.voile-valenciennes.fr\/wp-content\/uploads\/2025\/05\/General-provisoire-apres-4-courses-3-retenues-1.pdf\">G\u00e9n\u00e9ral provisoire apr\u00e8s 4 courses (3 retenues)<\/a><\/p>\n<p>Course 5 <a href=\"https:\/\/vrc.voile-valenciennes.fr\/wp-content\/uploads\/2025\/05\/Repartitions-systeme-HMS-pour-la-course-n\u00b0-5.pdf\">R\u00e9partitions (syst\u00e8me HMS) pour la course n\u00b0 5<\/a><br \/><a href=\"https:\/\/vrc.voile-valenciennes.fr\/wp-content\/uploads\/2025\/05\/ORDRE-DARRIVEE-course-5-Flottes-C-B-A.pdf\">ORDRE D&#8217;ARRIVEE course 5 &#8211; Flottes C B A<\/a><\/p>\n<p>Course 6 <a href=\"https:\/\/vrc.voile-valenciennes.fr\/wp-content\/uploads\/2025\/05\/Repartitions-systeme-HMS-pour-la-course-n\u00b0-6.pdf\">R\u00e9partitions (syst\u00e8me HMS) pour la course n\u00b0 6<\/a><br \/><a href=\"https:\/\/vrc.voile-valenciennes.fr\/wp-content\/uploads\/2025\/05\/ORDRE-DARRIVEE-course-6-Flottes-C-B-A.pdf\">ORDRE D&#8217;ARRIVEE course 6 &#8211; Flottes C B A<\/a><\/p>\n<p>Course 7 <a href=\"https:\/\/vrc.voile-valenciennes.fr\/wp-content\/uploads\/2025\/05\/Repartitions-systeme-HMS-pour-la-course-n\u00b0-7-1.pdf\">R\u00e9partitions (syst\u00e8me HMS) pour la course n\u00b0 7<\/a><br \/><a href=\"https:\/\/vrc.voile-valenciennes.fr\/wp-content\/uploads\/2025\/05\/General-provisoire-apres-6-courses-5-retenues.pdf\">G\u00e9n\u00e9ral provisoire apr\u00e8s 6 courses (5 retenues)<\/a><br \/><a href=\"https:\/\/vrc.voile-valenciennes.fr\/wp-content\/uploads\/2025\/05\/ORDRE-DARRIVEE-course-7-Flottes-C-B-A.pdf\">ORDRE D&#8217;ARRIVEE course 7 &#8211; Flottes C B A<\/a><\/p>\n<p>Course 8 <a href=\"https:\/\/vrc.voile-valenciennes.fr\/wp-content\/uploads\/2025\/05\/Repartitions-systeme-HMS-pour-la-course-n\u00b0-8.pdf\">R\u00e9partitions (syst\u00e8me HMS) pour la course n\u00b0 8<\/a><br \/><a href=\"https:\/\/vrc.voile-valenciennes.fr\/wp-content\/uploads\/2025\/05\/ORDRE-DARRIVEE-course-8-Flottes-C-B-A.pdf\">ORDRE D&#8217;ARRIVEE course 8 &#8211; Flottes C B A<\/a><br \/><a href=\"https:\/\/vrc.voile-valenciennes.fr\/wp-content\/uploads\/2025\/05\/General-provisoire-apres-8-courses-6-retenues.pdf\">G\u00e9n\u00e9ral provisoire apr\u00e8s 8 courses (6 retenues)<\/a><\/p>\n<p>Course 9 <a href=\"https:\/\/vrc.voile-valenciennes.fr\/wp-content\/uploads\/2025\/05\/Repartitions-systeme-HMS-pour-la-course-n\u00b0-9.pdf\">R\u00e9partitions (syst\u00e8me HMS) pour la course n\u00b0 9<\/a><br \/><a href=\"https:\/\/vrc.voile-valenciennes.fr\/wp-content\/uploads\/2025\/05\/ORDRE-DARRIVEE-course-9-Flottes-C-B-A.pdf\">ORDRE D&#8217;ARRIVEE course 9 &#8211; Flottes C B A<\/a><br \/><a href=\"https:\/\/vrc.voile-valenciennes.fr\/wp-content\/uploads\/2025\/05\/General-provisoire-apres-9-courses-7-retenues.pdf\">G\u00e9n\u00e9ral provisoire apr\u00e8s 9 courses (7 retenues)<\/a><\/p>\n<p>Course 10 <a href=\"https:\/\/vrc.voile-valenciennes.fr\/wp-content\/uploads\/2025\/05\/Repartitions-systeme-HMS-pour-la-course-n\u00b0-10.pdf\">R\u00e9partitions (syst\u00e8me HMS) pour la course n\u00b0 10<\/a><br \/><a href=\"https:\/\/vrc.voile-valenciennes.fr\/wp-content\/uploads\/2025\/05\/ORDRE-DARRIVEE-course-10-Flottes-C-B-A.pdf\">ORDRE D&#8217;ARRIVEE course 10 &#8211; Flottes C B A<\/a><\/p>\n<p>Course 11 <a href=\"https:\/\/vrc.voile-valenciennes.fr\/wp-content\/uploads\/2025\/05\/Repartitions-systeme-HMS-pour-la-course-n\u00b0-11.pdf\">R\u00e9partitions (syst\u00e8me HMS) pour la course n\u00b0 11<\/a><br \/><a href=\"https:\/\/vrc.voile-valenciennes.fr\/wp-content\/uploads\/2025\/05\/General-provisoire-apres-10-courses-8-retenues.pdf\">G\u00e9n\u00e9ral provisoire apr\u00e8s 10 courses (8 retenues)<\/a><br \/><a href=\"https:\/\/vrc.voile-valenciennes.fr\/wp-content\/uploads\/2025\/05\/ORDRE-DARRIVEE-course-11-Flottes-C-B-A.pdf\">ORDRE D&#8217;ARRIVEE course 11 &#8211; Flottes C B A<\/a><\/p>\n<p>Course 12 <a href=\"https:\/\/vrc.voile-valenciennes.fr\/wp-content\/uploads\/2025\/05\/Repartitions-systeme-HMS-pour-la-course-n\u00b0-12.pdf\">R\u00e9partitions (syst\u00e8me HMS) pour la course n\u00b0 12<\/a><br \/><a href=\"https:\/\/vrc.voile-valenciennes.fr\/wp-content\/uploads\/2025\/05\/ORDRE-DARRIVEE-course-12-Flottes-C-B-A.pdf\">ORDRE D&#8217;ARRIVEE course 12 &#8211; Flottes C B A<\/a><br \/><a href=\"https:\/\/vrc.voile-valenciennes.fr\/wp-content\/uploads\/2025\/05\/General-provisoire-apres-12-courses-10-retenues.pdf\">G\u00e9n\u00e9ral provisoire apr\u00e8s 12 courses (10 retenues)<\/a><\/p>\n<p>Course 13 <a href=\"https:\/\/vrc.voile-valenciennes.fr\/wp-content\/uploads\/2025\/05\/General-provisoire-apres-12-courses-10-retenues.pdf\">G\u00e9n\u00e9ral provisoire apr\u00e8s 12 courses (10 retenues)<\/a><br \/><a href=\"https:\/\/vrc.voile-valenciennes.fr\/wp-content\/uploads\/2025\/05\/Repartitions-systeme-HMS-pour-la-course-n\u00b0-13.pdf\">R\u00e9partitions (syst\u00e8me HMS) pour la course n\u00b0 13<\/a><br \/><a href=\"https:\/\/vrc.voile-valenciennes.fr\/wp-content\/uploads\/2025\/05\/ORDRE-DARRIVEE-course-13-Flottes-C-B-A.pdf\">ORDRE D&#8217;ARRIVEE course 13 &#8211; Flottes C B A<\/a><\/p>\n<p>Course 14 <a href=\"https:\/\/vrc.voile-valenciennes.fr\/wp-content\/uploads\/2025\/05\/Repartitions-systeme-HMS-pour-la-course-n\u00b0-14.pdf\">R\u00e9partitions (syst\u00e8me HMS) pour la course n\u00b0 14<\/a><br \/><a href=\"https:\/\/vrc.voile-valenciennes.fr\/wp-content\/uploads\/2025\/05\/General-provisoire-apres-13-courses-11-retenues.pdf\">G\u00e9n\u00e9ral provisoire apr\u00e8s 13 courses (11 retenues)<\/a><br \/><a href=\"https:\/\/vrc.voile-valenciennes.fr\/wp-content\/uploads\/2025\/05\/ORDRE-DARRIVEE-course-14-Flottes-C-B-A.pdf\">ORDRE D&#8217;ARRIVEE course 14 &#8211; Flottes C B A<\/a><\/p>\n<p>Course 15 <a href=\"https:\/\/vrc.voile-valenciennes.fr\/wp-content\/uploads\/2025\/05\/General-provisoire-apres-14-courses-12-retenues.pdf\">G\u00e9n\u00e9ral provisoire apr\u00e8s 14 courses (12 retenues)<\/a><br \/><a href=\"https:\/\/vrc.voile-valenciennes.fr\/wp-content\/uploads\/2025\/05\/General-provisoire-apres-14-courses-12-retenues-1.pdf\">G\u00e9n\u00e9ral provisoire apr\u00e8s 14 courses (12 retenues)<\/a><br \/><a href=\"https:\/\/vrc.voile-valenciennes.fr\/wp-content\/uploads\/2025\/05\/ORDRE-DARRIVEE-course-14-Flottes-C-B-A-1.pdf\">ORDRE D&#8217;ARRIVEE course 14 &#8211; Flottes C B A<\/a><\/p>\n<p>Course 16 <a href=\"https:\/\/vrc.voile-valenciennes.fr\/wp-content\/uploads\/2025\/05\/Repartitions-systeme-HMS-pour-la-course-n\u00b0-16.pdf\">R\u00e9partitions (syst\u00e8me HMS) pour la course n\u00b0 16<\/a><br \/><a href=\"https:\/\/vrc.voile-valenciennes.fr\/wp-content\/uploads\/2025\/05\/ORDRE-DARRIVEE-course-16-Flottes-C-B-A.pdf\">ORDRE D&#8217;ARRIVEE course 16 &#8211; Flottes C B A<\/a><br \/><a href=\"https:\/\/vrc.voile-valenciennes.fr\/wp-content\/uploads\/2025\/05\/General-provisoire-apres-16-courses-13-retenues.pdf\">G\u00e9n\u00e9ral provisoire apr\u00e8s 16 courses (13 retenues)<\/a><\/p>\n<p>Course 17 <a href=\"https:\/\/vrc.voile-valenciennes.fr\/wp-content\/uploads\/2025\/05\/Repartitions-systeme-HMS-pour-la-course-n\u00b0-17.pdf\">R\u00e9partitions (syst\u00e8me HMS) pour la course n\u00b0 17<\/a><br \/><a href=\"https:\/\/vrc.voile-valenciennes.fr\/wp-content\/uploads\/2025\/05\/ORDRE-DARRIVEE-course-17-Flottes-C-B-A.pdf\">ORDRE D&#8217;ARRIVEE course 17 &#8211; Flottes C B A<\/a><br \/><a href=\"https:\/\/vrc.voile-valenciennes.fr\/wp-content\/uploads\/2025\/05\/General-provisoire-apres-17-courses-14-retenues.pdf\">G\u00e9n\u00e9ral provisoire apr\u00e8s 17 courses (14 retenues)<\/a><\/p>\n<p>Course 18 <a href=\"https:\/\/vrc.voile-valenciennes.fr\/wp-content\/uploads\/2025\/05\/Repartitions-systeme-HMS-pour-la-course-n\u00b0-18.pdf\">R\u00e9partitions (syst\u00e8me HMS) pour la course n\u00b0 18<\/a><br \/><a href=\"https:\/\/vrc.voile-valenciennes.fr\/wp-content\/uploads\/2025\/05\/ORDRE-DARRIVEE-course-18-Flottes-C-B-A.pdf\">ORDRE D&#8217;ARRIVEE course 18 &#8211; Flottes C B A<\/a><\/p>\n<p><a href=\"https:\/\/vrc.voile-valenciennes.fr\/wp-content\/uploads\/2025\/05\/General-provisoire-apres-18-courses-15-retenues-bis.pdf\">G\u00e9n\u00e9ral d\u00e9finitif apr\u00e8s 18 courses (15 retenues)<\/a><\/p>\n\n\n<p><\/p>\n","protected":false},"excerpt":{"rendered":"<p>Course 1\u00a0 Tableau_Repart_course_1ORDRE D&#8217;ARRIVEE course 1 &#8211; Flottes CORDRE D&#8217;ARRIVEE course 1 &#8211; Flottes C B A Course 2 R\u00e9partitions (syst\u00e8me HMS) pour la course n\u00b0 2ORDRE D&#8217;ARRIVEE course 2 &#8211; Flottes C BORDRE D&#8217;ARRIVEE course 2 &#8211; Flottes C B A Course 3 R\u00e9partitions (syst\u00e8me HMS) pour la course n\u00b0 3Nouvelle R\u00e9partitions (syst\u00e8me HMS) &hellip; <\/p>\n<p class=\"link-more\"><a href=\"https:\/\/vrc.voile-valenciennes.fr\/index.php\/les-courses\/\" class=\"more-link\">Read more<span class=\"screen-reader-text\"> &#8220;Les courses&#8221;<\/span><\/a><\/p>\n","protected":false},"author":2,"featured_media":0,"parent":0,"menu_order":0,"comment_status":"closed","ping_status":"closed","template":"","meta":{"footnotes":""},"class_list":["post-338","page","type-page","status-publish","hentry"],"jetpack_sharing_enabled":true,"_links":{"self":[{"href":"https:\/\/vrc.voile-valenciennes.fr\/index.php\/wp-json\/wp\/v2\/pages\/338","targetHints":{"allow":["GET"]}}],"collection":[{"href":"https:\/\/vrc.voile-valenciennes.fr\/index.php\/wp-json\/wp\/v2\/pages"}],"about":[{"href":"https:\/\/vrc.voile-valenciennes.fr\/index.php\/wp-json\/wp\/v2\/types\/page"}],"author":[{"embeddable":true,"href":"https:\/\/vrc.voile-valenciennes.fr\/index.php\/wp-json\/wp\/v2\/users\/2"}],"replies":[{"embeddable":true,"href":"https:\/\/vrc.voile-valenciennes.fr\/index.php\/wp-json\/wp\/v2\/comments?post=338"}],"version-history":[{"count":53,"href":"https:\/\/vrc.voile-valenciennes.fr\/index.php\/wp-json\/wp\/v2\/pages\/338\/revisions"}],"predecessor-version":[{"id":476,"href":"https:\/\/vrc.voile-valenciennes.fr\/index.php\/wp-json\/wp\/v2\/pages\/338\/revisions\/476"}],"wp:attachment":[{"href":"https:\/\/vrc.voile-valenciennes.fr\/index.php\/wp-json\/wp\/v2\/media?parent=338"}],"curies":[{"name":"wp","href":"https:\/\/api.w.org\/{rel}","templated":true}]}}