{"id":30,"date":"2024-12-15T17:54:03","date_gmt":"2024-12-15T16:54:03","guid":{"rendered":"http:\/\/vrc.voile-valenciennes.fr\/?page_id=30"},"modified":"2025-05-14T22:24:26","modified_gmt":"2025-05-14T20:24:26","slug":"a-propos","status":"publish","type":"page","link":"https:\/\/vrc.voile-valenciennes.fr\/","title":{"rendered":"Bienvenue sur le site du Championnat de France IOM 2025"},"content":{"rendered":"\n<figure class=\"wp-block-image aligncenter size-large is-resized\"><img loading=\"lazy\" decoding=\"async\" width=\"1024\" height=\"1017\" src=\"https:\/\/vrc.voile-valenciennes.fr\/wp-content\/uploads\/2025\/05\/Podium-IOM-2025-1-1024x1017.jpg\" alt=\"\" class=\"wp-image-531\" style=\"width:535px;height:auto\" srcset=\"https:\/\/vrc.voile-valenciennes.fr\/wp-content\/uploads\/2025\/05\/Podium-IOM-2025-1-1024x1017.jpg 1024w, https:\/\/vrc.voile-valenciennes.fr\/wp-content\/uploads\/2025\/05\/Podium-IOM-2025-1-300x298.jpg 300w, https:\/\/vrc.voile-valenciennes.fr\/wp-content\/uploads\/2025\/05\/Podium-IOM-2025-1-150x150.jpg 150w, https:\/\/vrc.voile-valenciennes.fr\/wp-content\/uploads\/2025\/05\/Podium-IOM-2025-1-2000x1987.jpg 2000w\" sizes=\"auto, (max-width: 1024px) 100vw, 1024px\" \/><\/figure>\n\n\n\n<p class=\"has-text-align-center\"><\/p>\n\n\n\n<div data-wp-interactive=\"core\/file\" class=\"wp-block-file\"><object data-wp-bind--hidden=\"!state.hasPdfPreview\" hidden class=\"wp-block-file__embed\" data=\"https:\/\/vrc.voile-valenciennes.fr\/wp-content\/uploads\/2025\/05\/General-provisoire-apres-18-courses-15-retenues-bis-1.pdf\" type=\"application\/pdf\" style=\"width:100%;height:600px\" aria-label=\"Embed of G\u00e9n\u00e9ral provisoire apr\u00e8s 18 courses (15 retenues) bis.\"><\/object><a id=\"wp-block-file--media-91453642-0195-42ea-aaa7-cfa18536d20e\" href=\"https:\/\/vrc.voile-valenciennes.fr\/wp-content\/uploads\/2025\/05\/General-provisoire-apres-18-courses-15-retenues-bis-1.pdf\">G\u00e9n\u00e9ral provisoire apr\u00e8s 18 courses (15 retenues) bis<\/a><a href=\"https:\/\/vrc.voile-valenciennes.fr\/wp-content\/uploads\/2025\/05\/General-provisoire-apres-18-courses-15-retenues-bis-1.pdf\" class=\"wp-block-file__button wp-element-button\" download aria-describedby=\"wp-block-file--media-91453642-0195-42ea-aaa7-cfa18536d20e\">T\u00e9l\u00e9charger<\/a><\/div>\n\n\n\n<figure class=\"wp-block-image aligncenter size-large\"><a href=\"https:\/\/vrc.voile-valenciennes.fr\/wp-content\/uploads\/2025\/02\/CVV-Affiche-CF-8-au-11-mai-2025-page-001-scaled.jpg\" target=\"_blank\" rel=\" noreferrer noopener\"><img loading=\"lazy\" decoding=\"async\" width=\"724\" height=\"1024\" src=\"https:\/\/vrc.voile-valenciennes.fr\/wp-content\/uploads\/2025\/02\/CVV-Affiche-CF-8-au-11-mai-2025-page-001-724x1024.jpg\" alt=\"\" class=\"wp-image-80\" srcset=\"https:\/\/vrc.voile-valenciennes.fr\/wp-content\/uploads\/2025\/02\/CVV-Affiche-CF-8-au-11-mai-2025-page-001-724x1024.jpg 724w, https:\/\/vrc.voile-valenciennes.fr\/wp-content\/uploads\/2025\/02\/CVV-Affiche-CF-8-au-11-mai-2025-page-001-212x300.jpg 212w, https:\/\/vrc.voile-valenciennes.fr\/wp-content\/uploads\/2025\/02\/CVV-Affiche-CF-8-au-11-mai-2025-page-001-2000x2828.jpg 2000w, https:\/\/vrc.voile-valenciennes.fr\/wp-content\/uploads\/2025\/02\/CVV-Affiche-CF-8-au-11-mai-2025-page-001-scaled.jpg 1811w\" sizes=\"auto, (max-width: 724px) 100vw, 724px\" \/><\/a><\/figure>\n\n\n<p><a href=\"https:\/\/umbraco.ffvoile.fr\/media\/ffjjznyc\/cfvalenciennes-20250508-avis-de-course-projet-dei-finitif-vers-cca-23-janvier.pdf\" target=\"_blank\" rel=\"noopener\">Avis de course &#8211; Notice of Race<\/a><\/p>\n\n\n<div class=\"wp-block-file\"><a id=\"wp-block-file--media-1d1d25f5-2a06-49ea-8e73-7284b4b398bb\" href=\"https:\/\/vrc.voile-valenciennes.fr\/wp-content\/uploads\/2025\/05\/CVV-IC-Championnat-de-France-IOM-2025.pdf\"><br>CVV &#8211; IC Championnat de France IOM 2025<\/a><a href=\"https:\/\/vrc.voile-valenciennes.fr\/wp-content\/uploads\/2025\/05\/CVV-IC-Championnat-de-France-IOM-2025.pdf\" class=\"wp-block-file__button wp-element-button\" download aria-describedby=\"wp-block-file--media-1d1d25f5-2a06-49ea-8e73-7284b4b398bb\">T\u00e9l\u00e9charger<\/a><\/div>\n\n\n\n<p class=\"has-text-align-left has-primary-color has-text-color has-link-color has-small-font-size wp-elements-79d57957b7ed6a1a0c8d171f54cf6d97\"><br><strong>Liste des inscrits <\/strong><\/p>\n\n\n\n<div data-wp-interactive=\"core\/file\" class=\"wp-block-file\"><object data-wp-bind--hidden=\"!state.hasPdfPreview\" hidden class=\"wp-block-file__embed\" data=\"https:\/\/vrc.voile-valenciennes.fr\/wp-content\/uploads\/2025\/05\/Liste-des-inscrits-par-numero-de-voile-44-concurrents.pdf\" type=\"application\/pdf\" style=\"width:100%;height:860px\" aria-label=\"Embed of Liste des inscrits  par num\u00e9ro de voile (44 concurrents).\"><\/object><a id=\"wp-block-file--media-7888f49c-0e49-4c81-8f46-7093ceb311a6\" href=\"https:\/\/vrc.voile-valenciennes.fr\/wp-content\/uploads\/2025\/05\/Liste-des-inscrits-par-numero-de-voile-44-concurrents.pdf\">Liste des inscrits  par num\u00e9ro de voile (44 concurrents)<\/a><a href=\"https:\/\/vrc.voile-valenciennes.fr\/wp-content\/uploads\/2025\/05\/Liste-des-inscrits-par-numero-de-voile-44-concurrents.pdf\" class=\"wp-block-file__button wp-element-button\" download aria-describedby=\"wp-block-file--media-7888f49c-0e49-4c81-8f46-7093ceb311a6\">T\u00e9l\u00e9charger<\/a><\/div>\n\n\n\n<hr class=\"wp-block-separator has-alpha-channel-opacity\"\/>\n\n\n\n\n\n<hr class=\"wp-block-separator has-alpha-channel-opacity\"\/>\n\n\n\n<p class=\"has-text-align-center has-large-font-size\">Nos Partenaires<\/p>\n\n\n\n<figure class=\"wp-block-image size-full\"><img loading=\"lazy\" decoding=\"async\" width=\"2560\" height=\"307\" src=\"https:\/\/vrc.voile-valenciennes.fr\/wp-content\/uploads\/2025\/03\/Partenaires-Bandeau1-scaled.jpg\" alt=\"\" class=\"wp-image-216\" srcset=\"https:\/\/vrc.voile-valenciennes.fr\/wp-content\/uploads\/2025\/03\/Partenaires-Bandeau1-scaled.jpg 2560w, https:\/\/vrc.voile-valenciennes.fr\/wp-content\/uploads\/2025\/03\/Partenaires-Bandeau1-300x36.jpg 300w, https:\/\/vrc.voile-valenciennes.fr\/wp-content\/uploads\/2025\/03\/Partenaires-Bandeau1-1024x123.jpg 1024w, https:\/\/vrc.voile-valenciennes.fr\/wp-content\/uploads\/2025\/03\/Partenaires-Bandeau1-2000x240.jpg 2000w\" sizes=\"auto, (max-width: 2560px) 100vw, 2560px\" \/><\/figure>\n","protected":false},"excerpt":{"rendered":"<p>Avis de course &#8211; Notice of Race Liste des inscrits Nos Partenaires<\/p>\n","protected":false},"author":1,"featured_media":57,"parent":0,"menu_order":0,"comment_status":"closed","ping_status":"closed","template":"","meta":{"footnotes":""},"class_list":["post-30","page","type-page","status-publish","has-post-thumbnail","hentry"],"jetpack_sharing_enabled":true,"_links":{"self":[{"href":"https:\/\/vrc.voile-valenciennes.fr\/index.php\/wp-json\/wp\/v2\/pages\/30","targetHints":{"allow":["GET"]}}],"collection":[{"href":"https:\/\/vrc.voile-valenciennes.fr\/index.php\/wp-json\/wp\/v2\/pages"}],"about":[{"href":"https:\/\/vrc.voile-valenciennes.fr\/index.php\/wp-json\/wp\/v2\/types\/page"}],"author":[{"embeddable":true,"href":"https:\/\/vrc.voile-valenciennes.fr\/index.php\/wp-json\/wp\/v2\/users\/1"}],"replies":[{"embeddable":true,"href":"https:\/\/vrc.voile-valenciennes.fr\/index.php\/wp-json\/wp\/v2\/comments?post=30"}],"version-history":[{"count":90,"href":"https:\/\/vrc.voile-valenciennes.fr\/index.php\/wp-json\/wp\/v2\/pages\/30\/revisions"}],"predecessor-version":[{"id":568,"href":"https:\/\/vrc.voile-valenciennes.fr\/index.php\/wp-json\/wp\/v2\/pages\/30\/revisions\/568"}],"wp:featuredmedia":[{"embeddable":true,"href":"https:\/\/vrc.voile-valenciennes.fr\/index.php\/wp-json\/wp\/v2\/media\/57"}],"wp:attachment":[{"href":"https:\/\/vrc.voile-valenciennes.fr\/index.php\/wp-json\/wp\/v2\/media?parent=30"}],"curies":[{"name":"wp","href":"https:\/\/api.w.org\/{rel}","templated":true}]}}