{"id":111,"date":"2025-02-15T19:14:32","date_gmt":"2025-02-15T18:14:32","guid":{"rendered":"https:\/\/vrc.voile-valenciennes.fr\/?page_id=111"},"modified":"2025-05-07T21:53:41","modified_gmt":"2025-05-07T19:53:41","slug":"larbitrage","status":"publish","type":"page","link":"https:\/\/vrc.voile-valenciennes.fr\/index.php\/larbitrage\/","title":{"rendered":"L&#8217;arbitrage"},"content":{"rendered":"\n<p>Pour ce championnat de France, Grade 3, le club accueillera le corps arbitrale suivant :<\/p>\n\n\n\n<p>Pr\u00e9sident du Comit\u00e9 Technique<\/p>\n\n\n\n<ul class=\"wp-block-list\">\n<li><s>CRONIMUS RAYMOND<\/s> (remplac\u00e9 par) BRUN MICHEL<\/li>\n<\/ul>\n\n\n\n<p>Pr\u00e9sident du Comit\u00e9 de Course<\/p>\n\n\n\n<ul class=\"wp-block-list\">\n<li>COENEN JEAN-PHILIPPE<\/li>\n<\/ul>\n\n\n\n<p>Pr\u00e9sident du Jury<\/p>\n\n\n\n<ul class=\"wp-block-list\">\n<li>VILAIN PATRICK<\/li>\n<\/ul>\n\n\n\n<p>Juges<\/p>\n\n\n\n<ul class=\"wp-block-list\">\n<li>GODEAU PHILIPPE (Umpire VRC)<\/li>\n<\/ul>\n\n\n\n<ul class=\"wp-block-list\">\n<li>MARTIN JACQUES (Umpire VRC)<\/li>\n<\/ul>\n\n\n\n<ul class=\"wp-block-list\">\n<li>PARENT PIERRE (Umpire VRC)<\/li>\n<\/ul>\n\n\n\n<ul class=\"wp-block-list\">\n<li>DIEUDONNE NINO (Jeune Arbitre)<\/li>\n<\/ul>\n\n\n\n<p>Op\u00e9rateur de R\u00e9sultats<\/p>\n\n\n\n<ul class=\"wp-block-list\">\n<li>BILLARD JEAN CLAUDE<\/li>\n<\/ul>\n\n\n\n<figure class=\"wp-block-gallery has-nested-images columns-default is-cropped wp-block-gallery-1 is-layout-flex wp-block-gallery-is-layout-flex\">\n<figure class=\"wp-block-image size-large\"><img loading=\"lazy\" decoding=\"async\" width=\"1024\" height=\"576\" data-id=\"115\" src=\"https:\/\/vrc.voile-valenciennes.fr\/wp-content\/uploads\/2025\/02\/20230318_113952-Large-1024x576.jpg\" alt=\"\" class=\"wp-image-115\" srcset=\"https:\/\/vrc.voile-valenciennes.fr\/wp-content\/uploads\/2025\/02\/20230318_113952-Large-1024x576.jpg 1024w, https:\/\/vrc.voile-valenciennes.fr\/wp-content\/uploads\/2025\/02\/20230318_113952-Large-300x169.jpg 300w, https:\/\/vrc.voile-valenciennes.fr\/wp-content\/uploads\/2025\/02\/20230318_113952-Large.jpg 1920w\" sizes=\"auto, (max-width: 1024px) 100vw, 1024px\" \/><\/figure>\n\n\n\n<figure class=\"wp-block-image size-large\"><img loading=\"lazy\" decoding=\"async\" width=\"1024\" height=\"684\" data-id=\"116\" src=\"https:\/\/vrc.voile-valenciennes.fr\/wp-content\/uploads\/2025\/02\/DSC04314-Large-1024x684.jpg\" alt=\"\" class=\"wp-image-116\" srcset=\"https:\/\/vrc.voile-valenciennes.fr\/wp-content\/uploads\/2025\/02\/DSC04314-Large-1024x684.jpg 1024w, https:\/\/vrc.voile-valenciennes.fr\/wp-content\/uploads\/2025\/02\/DSC04314-Large-300x200.jpg 300w, https:\/\/vrc.voile-valenciennes.fr\/wp-content\/uploads\/2025\/02\/DSC04314-Large.jpg 1617w\" sizes=\"auto, (max-width: 1024px) 100vw, 1024px\" \/><\/figure>\n\n\n\n<figure class=\"wp-block-image size-large\"><img loading=\"lazy\" decoding=\"async\" width=\"1024\" height=\"684\" data-id=\"117\" src=\"https:\/\/vrc.voile-valenciennes.fr\/wp-content\/uploads\/2025\/02\/DSC04351-Large-1024x684.jpg\" alt=\"\" class=\"wp-image-117\" srcset=\"https:\/\/vrc.voile-valenciennes.fr\/wp-content\/uploads\/2025\/02\/DSC04351-Large-1024x684.jpg 1024w, https:\/\/vrc.voile-valenciennes.fr\/wp-content\/uploads\/2025\/02\/DSC04351-Large-300x200.jpg 300w, https:\/\/vrc.voile-valenciennes.fr\/wp-content\/uploads\/2025\/02\/DSC04351-Large.jpg 1617w\" sizes=\"auto, (max-width: 1024px) 100vw, 1024px\" \/><\/figure>\n<\/figure>\n","protected":false},"excerpt":{"rendered":"<p>Pour ce championnat de France, Grade 3, le club accueillera le corps arbitrale suivant : Pr\u00e9sident du Comit\u00e9 Technique Pr\u00e9sident du Comit\u00e9 de Course Pr\u00e9sident du Jury Juges Op\u00e9rateur de R\u00e9sultats<\/p>\n","protected":false},"author":1,"featured_media":120,"parent":0,"menu_order":0,"comment_status":"closed","ping_status":"closed","template":"","meta":{"footnotes":""},"class_list":["post-111","page","type-page","status-publish","has-post-thumbnail","hentry"],"jetpack_sharing_enabled":true,"_links":{"self":[{"href":"https:\/\/vrc.voile-valenciennes.fr\/index.php\/wp-json\/wp\/v2\/pages\/111","targetHints":{"allow":["GET"]}}],"collection":[{"href":"https:\/\/vrc.voile-valenciennes.fr\/index.php\/wp-json\/wp\/v2\/pages"}],"about":[{"href":"https:\/\/vrc.voile-valenciennes.fr\/index.php\/wp-json\/wp\/v2\/types\/page"}],"author":[{"embeddable":true,"href":"https:\/\/vrc.voile-valenciennes.fr\/index.php\/wp-json\/wp\/v2\/users\/1"}],"replies":[{"embeddable":true,"href":"https:\/\/vrc.voile-valenciennes.fr\/index.php\/wp-json\/wp\/v2\/comments?post=111"}],"version-history":[{"count":4,"href":"https:\/\/vrc.voile-valenciennes.fr\/index.php\/wp-json\/wp\/v2\/pages\/111\/revisions"}],"predecessor-version":[{"id":369,"href":"https:\/\/vrc.voile-valenciennes.fr\/index.php\/wp-json\/wp\/v2\/pages\/111\/revisions\/369"}],"wp:featuredmedia":[{"embeddable":true,"href":"https:\/\/vrc.voile-valenciennes.fr\/index.php\/wp-json\/wp\/v2\/media\/120"}],"wp:attachment":[{"href":"https:\/\/vrc.voile-valenciennes.fr\/index.php\/wp-json\/wp\/v2\/media?parent=111"}],"curies":[{"name":"wp","href":"https:\/\/api.w.org\/{rel}","templated":true}]}}